{"id":19212,"date":"2016-03-10T18:51:46","date_gmt":"2016-03-10T18:51:46","guid":{"rendered":"https:\/\/elegant-knuth.137-74-93-36.plesk.page\/index.php\/rechtlicher-hinweis\/"},"modified":"2024-07-22T11:32:42","modified_gmt":"2024-07-22T11:32:42","slug":"rechtlicher-hinweis","status":"publish","type":"page","link":"https:\/\/180inmobiliaria.es\/de\/rechtlicher-hinweis\/","title":{"rendered":"Rechtlicher Hinweis"},"content":{"rendered":"\t\t<div data-elementor-type=\"wp-page\" data-elementor-id=\"19212\" class=\"elementor elementor-19212 elementor-745\" data-elementor-post-type=\"page\">\n\t\t\t\t<div class=\"elementor-element elementor-element-5964ef6 e-flex e-con-boxed e-con e-parent\" data-id=\"5964ef6\" data-element_type=\"container\" data-e-type=\"container\">\n\t\t\t\t\t<div class=\"e-con-inner\">\n\t\t\t\t<div class=\"elementor-element elementor-element-94052fa elementor-widget elementor-widget-heading\" data-id=\"94052fa\" data-element_type=\"widget\" data-e-type=\"widget\" data-widget_type=\"heading.default\">\n\t\t\t\t<div class=\"elementor-widget-container\">\n\t\t\t\t\t<h2 class=\"elementor-heading-title elementor-size-default\">Rechtlicher Hinweis<\/h2>\t\t\t\t<\/div>\n\t\t\t\t<\/div>\n\t\t\t\t<div class=\"elementor-element elementor-element-02d5e26 elementor-widget elementor-widget-text-editor\" data-id=\"02d5e26\" data-element_type=\"widget\" data-e-type=\"widget\" data-widget_type=\"text-editor.default\">\n\t\t\t\t<div class=\"elementor-widget-container\">\n\t\t\t\t\t\t\t\t\t<p><span style=\"font-weight: 400;\">Diese Website wird verwaltet von Antonio Soc\u00edas Olmos, mit der NIF 52654176T und der Adresse C\/Nort, 14, Campos (Mallorca) mit der Kontakt-E-Mail-Adresse <\/span><a href=\"mailto:inmo180grados@gmail.com\"><span style=\"font-weight: 400;\">inmo180grados@gmail.com<\/span><\/a><\/p>\n<p><span style=\"font-weight: 400;\">Geistiges und gewerbliches Eigentum<\/span><\/p>\n<p><span style=\"font-weight: 400;\">Das Design des Portals und seine Quellcodes sowie alle Texte, Bilder, Grafiken, Sounddateien, Animationsdateien, Videodateien und ihre Installation auf dieser Website unterliegen dem Urheberrecht und anderen geistigen und gewerblichen Schutzrechten.<\/span><\/p>\n<p><span style=\"font-weight: 400;\">Verantwortung f\u00fcr den Inhalt<\/span><\/p>\n<p><span style=\"font-weight: 400;\">Antonio Soc\u00edas Olmos ist nicht verantwortlich f\u00fcr die Rechtm\u00e4\u00dfigkeit anderer Websites von Dritten, von denen aus Sie auf das Portal zugreifen k\u00f6nnen. Antonio Soc\u00edas Olmos ist nicht verantwortlich f\u00fcr die Rechtm\u00e4\u00dfigkeit anderer Websites Dritter, die von diesem Portal aus verlinkt oder verlinkt werden k\u00f6nnen.<\/span><\/p>\n<p><span style=\"font-weight: 400;\">Antonio Soc\u00edas Olmos beh\u00e4lt sich das Recht vor, ohne vorherige Ank\u00fcndigung \u00c4nderungen an der Website vorzunehmen, um die Informationen auf dem neuesten Stand zu halten und die ver\u00f6ffentlichten Inhalte oder das Design des Portals zu erg\u00e4nzen, zu \u00e4ndern, zu korrigieren oder zu beseitigen.<\/span><\/p>\n<p><span style=\"font-weight: 400;\">Antonio Soc\u00edas Olmos haftet weder f\u00fcr die Nutzung der im Portal ver\u00f6ffentlichten Informationen durch Dritte, noch f\u00fcr erlittene Sch\u00e4den oder wirtschaftliche Verluste, die direkt oder indirekt zu wirtschaftlichen, materiellen oder datenbezogenen Sch\u00e4den f\u00fchren oder f\u00fchren k\u00f6nnen, die durch die Nutzung dieser Informationen verursacht werden.<\/span><\/p>\n<p><span style=\"font-weight: 400;\">Wiedergabe des Inhalts<\/span><\/p>\n<p><span style=\"font-weight: 400;\">Die Vervielf\u00e4ltigung zu kommerziellen Zwecken oder die Verbreitung, Ver\u00e4nderung oder Nutzung auf anderen Websites ist verboten. Diese Website kann au\u00dferdem Bilder enthalten, die dem Copyright Dritter unterliegen.<\/span><\/p>\n<p><span style=\"font-weight: 400;\">Anwendbares Recht<\/span><\/p>\n<p><span style=\"font-weight: 400;\">Das anwendbare Recht im Falle von Streitigkeiten oder Auslegungskonflikten in Bezug auf die Bedingungen, aus denen dieser rechtliche Hinweis besteht, sowie in Bezug auf alle Fragen im Zusammenhang mit den Dienstleistungen dieses Portals ist das spanische Recht.<\/span><\/p>\n\t\t\t\t\t\t\t\t<\/div>\n\t\t\t\t<\/div>\n\t\t\t\t\t<\/div>\n\t\t\t\t<\/div>\n\t\t\t\t<\/div>\n\t\t","protected":false},"excerpt":{"rendered":"<p>Rechtlicher Hinweis Diese Website wird verwaltet von Antonio Soc\u00edas Olmos, mit der NIF 52654176T und der Adresse C\/Nort, 14, Campos (Mallorca) mit der Kontakt-E-Mail-Adresse inmo180grados@gmail.com Geistiges und gewerbliches Eigentum Das Design des Portals und seine Quellcodes sowie alle Texte, Bilder, Grafiken, Sounddateien, Animationsdateien, Videodateien und ihre Installation auf dieser Website unterliegen dem Urheberrecht und anderen [&hellip;]<\/p>\n","protected":false},"author":1,"featured_media":0,"parent":0,"menu_order":0,"comment_status":"closed","ping_status":"closed","template":"","meta":{"_joinchat":[],"footnotes":""},"class_list":["post-19212","page","type-page","status-publish","hentry"],"yoast_head":"<!-- This site is optimized with the Yoast SEO plugin v27.5 - https:\/\/yoast.com\/product\/yoast-seo-wordpress\/ -->\n<title>Rechtlicher Hinweis - 180&ordm; Inmobiliaria<\/title>\n<meta name=\"robots\" content=\"noindex, nofollow\" \/>\n<meta property=\"og:locale\" content=\"de_DE\" \/>\n<meta property=\"og:type\" content=\"article\" \/>\n<meta property=\"og:title\" content=\"Rechtlicher Hinweis - 180&ordm; Inmobiliaria\" \/>\n<meta property=\"og:description\" content=\"Rechtlicher Hinweis Diese Website wird verwaltet von Antonio Soc\u00edas Olmos, mit der NIF 52654176T und der Adresse C\/Nort, 14, Campos (Mallorca) mit der Kontakt-E-Mail-Adresse inmo180grados@gmail.com Geistiges und gewerbliches Eigentum Das Design des Portals und seine Quellcodes sowie alle Texte, Bilder, Grafiken, Sounddateien, Animationsdateien, Videodateien und ihre Installation auf dieser Website unterliegen dem Urheberrecht und anderen [&hellip;]\" \/>\n<meta property=\"og:url\" content=\"https:\/\/180inmobiliaria.es\/de\/rechtlicher-hinweis\/\" \/>\n<meta property=\"og:site_name\" content=\"180&ordm; Inmobiliaria\" \/>\n<meta property=\"article:modified_time\" content=\"2024-07-22T11:32:42+00:00\" \/>\n<meta name=\"twitter:card\" content=\"summary_large_image\" \/>\n<meta name=\"twitter:label1\" content=\"Gesch\u00e4tzte Lesezeit\" \/>\n\t<meta name=\"twitter:data1\" content=\"1\u00a0Minute\" \/>\n<script type=\"application\/ld+json\" class=\"yoast-schema-graph\">{\"@context\":\"https:\\\/\\\/schema.org\",\"@graph\":[{\"@type\":\"WebPage\",\"@id\":\"https:\\\/\\\/180inmobiliaria.es\\\/de\\\/rechtlicher-hinweis\\\/\",\"url\":\"https:\\\/\\\/180inmobiliaria.es\\\/de\\\/rechtlicher-hinweis\\\/\",\"name\":\"Rechtlicher Hinweis - 180&ordm; Inmobiliaria\",\"isPartOf\":{\"@id\":\"https:\\\/\\\/180inmobiliaria.es\\\/de\\\/#website\"},\"datePublished\":\"2016-03-10T18:51:46+00:00\",\"dateModified\":\"2024-07-22T11:32:42+00:00\",\"breadcrumb\":{\"@id\":\"https:\\\/\\\/180inmobiliaria.es\\\/de\\\/rechtlicher-hinweis\\\/#breadcrumb\"},\"inLanguage\":\"de\",\"potentialAction\":[{\"@type\":\"ReadAction\",\"target\":[\"https:\\\/\\\/180inmobiliaria.es\\\/de\\\/rechtlicher-hinweis\\\/\"]}]},{\"@type\":\"BreadcrumbList\",\"@id\":\"https:\\\/\\\/180inmobiliaria.es\\\/de\\\/rechtlicher-hinweis\\\/#breadcrumb\",\"itemListElement\":[{\"@type\":\"ListItem\",\"position\":1,\"name\":\"Portada\",\"item\":\"https:\\\/\\\/180inmobiliaria.es\\\/de\\\/\"},{\"@type\":\"ListItem\",\"position\":2,\"name\":\"Rechtlicher Hinweis\"}]},{\"@type\":\"WebSite\",\"@id\":\"https:\\\/\\\/180inmobiliaria.es\\\/de\\\/#website\",\"url\":\"https:\\\/\\\/180inmobiliaria.es\\\/de\\\/\",\"name\":\"180&ordm; Inmobiliaria\",\"description\":\"\",\"publisher\":{\"@id\":\"https:\\\/\\\/180inmobiliaria.es\\\/de\\\/#organization\"},\"potentialAction\":[{\"@type\":\"SearchAction\",\"target\":{\"@type\":\"EntryPoint\",\"urlTemplate\":\"https:\\\/\\\/180inmobiliaria.es\\\/de\\\/?s={search_term_string}\"},\"query-input\":{\"@type\":\"PropertyValueSpecification\",\"valueRequired\":true,\"valueName\":\"search_term_string\"}}],\"inLanguage\":\"de\"},{\"@type\":\"Organization\",\"@id\":\"https:\\\/\\\/180inmobiliaria.es\\\/de\\\/#organization\",\"name\":\"180&ordm; Inmobiliaria\",\"url\":\"https:\\\/\\\/180inmobiliaria.es\\\/de\\\/\",\"logo\":{\"@type\":\"ImageObject\",\"inLanguage\":\"de\",\"@id\":\"https:\\\/\\\/180inmobiliaria.es\\\/de\\\/#\\\/schema\\\/logo\\\/image\\\/\",\"url\":\"https:\\\/\\\/180inmobiliaria.es\\\/wp-content\\\/uploads\\\/2024\\\/06\\\/Logo-inmobiliaria-180o-1920-x-1080-px.png\",\"contentUrl\":\"https:\\\/\\\/180inmobiliaria.es\\\/wp-content\\\/uploads\\\/2024\\\/06\\\/Logo-inmobiliaria-180o-1920-x-1080-px.png\",\"width\":6000,\"height\":3375,\"caption\":\"180&ordm; Inmobiliaria\"},\"image\":{\"@id\":\"https:\\\/\\\/180inmobiliaria.es\\\/de\\\/#\\\/schema\\\/logo\\\/image\\\/\"}}]}<\/script>\n<!-- \/ Yoast SEO plugin. -->","yoast_head_json":{"title":"Rechtlicher Hinweis - 180&ordm; Inmobiliaria","robots":{"index":"noindex","follow":"nofollow"},"og_locale":"de_DE","og_type":"article","og_title":"Rechtlicher Hinweis - 180&ordm; Inmobiliaria","og_description":"Rechtlicher Hinweis Diese Website wird verwaltet von Antonio Soc\u00edas Olmos, mit der NIF 52654176T und der Adresse C\/Nort, 14, Campos (Mallorca) mit der Kontakt-E-Mail-Adresse inmo180grados@gmail.com Geistiges und gewerbliches Eigentum Das Design des Portals und seine Quellcodes sowie alle Texte, Bilder, Grafiken, Sounddateien, Animationsdateien, Videodateien und ihre Installation auf dieser Website unterliegen dem Urheberrecht und anderen [&hellip;]","og_url":"https:\/\/180inmobiliaria.es\/de\/rechtlicher-hinweis\/","og_site_name":"180&ordm; Inmobiliaria","article_modified_time":"2024-07-22T11:32:42+00:00","twitter_card":"summary_large_image","twitter_misc":{"Gesch\u00e4tzte Lesezeit":"1\u00a0Minute"},"schema":{"@context":"https:\/\/schema.org","@graph":[{"@type":"WebPage","@id":"https:\/\/180inmobiliaria.es\/de\/rechtlicher-hinweis\/","url":"https:\/\/180inmobiliaria.es\/de\/rechtlicher-hinweis\/","name":"Rechtlicher Hinweis - 180&ordm; Inmobiliaria","isPartOf":{"@id":"https:\/\/180inmobiliaria.es\/de\/#website"},"datePublished":"2016-03-10T18:51:46+00:00","dateModified":"2024-07-22T11:32:42+00:00","breadcrumb":{"@id":"https:\/\/180inmobiliaria.es\/de\/rechtlicher-hinweis\/#breadcrumb"},"inLanguage":"de","potentialAction":[{"@type":"ReadAction","target":["https:\/\/180inmobiliaria.es\/de\/rechtlicher-hinweis\/"]}]},{"@type":"BreadcrumbList","@id":"https:\/\/180inmobiliaria.es\/de\/rechtlicher-hinweis\/#breadcrumb","itemListElement":[{"@type":"ListItem","position":1,"name":"Portada","item":"https:\/\/180inmobiliaria.es\/de\/"},{"@type":"ListItem","position":2,"name":"Rechtlicher Hinweis"}]},{"@type":"WebSite","@id":"https:\/\/180inmobiliaria.es\/de\/#website","url":"https:\/\/180inmobiliaria.es\/de\/","name":"180&ordm; Inmobiliaria","description":"","publisher":{"@id":"https:\/\/180inmobiliaria.es\/de\/#organization"},"potentialAction":[{"@type":"SearchAction","target":{"@type":"EntryPoint","urlTemplate":"https:\/\/180inmobiliaria.es\/de\/?s={search_term_string}"},"query-input":{"@type":"PropertyValueSpecification","valueRequired":true,"valueName":"search_term_string"}}],"inLanguage":"de"},{"@type":"Organization","@id":"https:\/\/180inmobiliaria.es\/de\/#organization","name":"180&ordm; Inmobiliaria","url":"https:\/\/180inmobiliaria.es\/de\/","logo":{"@type":"ImageObject","inLanguage":"de","@id":"https:\/\/180inmobiliaria.es\/de\/#\/schema\/logo\/image\/","url":"https:\/\/180inmobiliaria.es\/wp-content\/uploads\/2024\/06\/Logo-inmobiliaria-180o-1920-x-1080-px.png","contentUrl":"https:\/\/180inmobiliaria.es\/wp-content\/uploads\/2024\/06\/Logo-inmobiliaria-180o-1920-x-1080-px.png","width":6000,"height":3375,"caption":"180&ordm; Inmobiliaria"},"image":{"@id":"https:\/\/180inmobiliaria.es\/de\/#\/schema\/logo\/image\/"}}]}},"_links":{"self":[{"href":"https:\/\/180inmobiliaria.es\/de\/wp-json\/wp\/v2\/pages\/19212","targetHints":{"allow":["GET"]}}],"collection":[{"href":"https:\/\/180inmobiliaria.es\/de\/wp-json\/wp\/v2\/pages"}],"about":[{"href":"https:\/\/180inmobiliaria.es\/de\/wp-json\/wp\/v2\/types\/page"}],"author":[{"embeddable":true,"href":"https:\/\/180inmobiliaria.es\/de\/wp-json\/wp\/v2\/users\/1"}],"replies":[{"embeddable":true,"href":"https:\/\/180inmobiliaria.es\/de\/wp-json\/wp\/v2\/comments?post=19212"}],"version-history":[{"count":0,"href":"https:\/\/180inmobiliaria.es\/de\/wp-json\/wp\/v2\/pages\/19212\/revisions"}],"wp:attachment":[{"href":"https:\/\/180inmobiliaria.es\/de\/wp-json\/wp\/v2\/media?parent=19212"}],"curies":[{"name":"wp","href":"https:\/\/api.w.org\/{rel}","templated":true}]}}