{"id":19410,"date":"2024-06-19T10:22:47","date_gmt":"2024-06-19T10:22:47","guid":{"rendered":"https:\/\/180inmobiliaria.es\/miete\/"},"modified":"2024-07-24T09:13:01","modified_gmt":"2024-07-24T09:13:01","slug":"miete","status":"publish","type":"page","link":"https:\/\/180inmobiliaria.es\/de\/miete\/","title":{"rendered":"Miete"},"content":{"rendered":"\t\t<div data-elementor-type=\"wp-page\" data-elementor-id=\"19410\" class=\"elementor elementor-19410 elementor-45\" data-elementor-post-type=\"page\">\n\t\t\t\t<div class=\"elementor-element elementor-element-9d33ab3 e-flex e-con-boxed e-con e-parent\" data-id=\"9d33ab3\" data-element_type=\"container\" data-e-type=\"container\">\n\t\t\t\t\t<div class=\"e-con-inner\">\n\t\t\t\t<div class=\"elementor-element elementor-element-14e0394 elementor-hidden-desktop elementor-hidden-tablet elementor-widget elementor-widget-heading\" data-id=\"14e0394\" data-element_type=\"widget\" data-e-type=\"widget\" data-widget_type=\"heading.default\">\n\t\t\t\t<div class=\"elementor-widget-container\">\n\t\t\t\t\t<h2 class=\"elementor-heading-title elementor-size-default\">Immobilien zur Miete<\/h2>\t\t\t\t<\/div>\n\t\t\t\t<\/div>\n\t\t\t\t\t<\/div>\n\t\t\t\t<\/div>\n\t\t<div class=\"elementor-element elementor-element-24737e0 e-flex e-con-boxed e-con e-parent\" data-id=\"24737e0\" data-element_type=\"container\" data-e-type=\"container\">\n\t\t\t\t\t<div class=\"e-con-inner\">\n\t\t\t\t<div class=\"elementor-element elementor-element-e133926 elementor-widget elementor-widget-houzez_elementor_property-card-v2\" data-id=\"e133926\" data-element_type=\"widget\" data-e-type=\"widget\" data-widget_type=\"houzez_elementor_property-card-v2.default\">\n\t\t\t\t<div class=\"elementor-widget-container\">\n\t\t\t\t\t\t\t\r\n\t\t<div id=\"properties_module_section\" class=\"property-cards-module property-cards-module-v2 property-cards-module-3-cols\">\r\n\t\t\t<div id=\"module_properties\" class=\"listing-view grid-view card-deck grid-view-3-cols\">\r\n\t\t\t\t<div class=\"col-lg-12\">\n\t<p class=\"mt-30 text-center\">\n\t\tKein Eintrag gefunden.\t<\/p>\n<\/div>\r\n\t\t\t<\/div><!-- listing-view -->\r\n\r\n\t\t\t<div class=\"pagination-wrap\"><nav><ul class=\"pagination justify-content-center\"><li class=\"page-item disabled\"><a class=\"page-link\" aria-label=\"Previous\"><i class=\"houzez-icon icon-arrow-left-1\"><\/i><\/a><\/li><\/ul><\/nav><\/div>\t\t<\/div><!-- property-grid-module -->\r\n\r\n\t\t\t\t\t\t<\/div>\n\t\t\t\t<\/div>\n\t\t\t\t\t<\/div>\n\t\t\t\t<\/div>\n\t\t\t\t<section class=\"elementor-section elementor-top-section elementor-element elementor-element-6a3fbcc elementor-section-content-bottom elementor-section-stretched elementor-section-height-min-height elementor-section-boxed elementor-section-height-default elementor-section-items-middle\" data-id=\"6a3fbcc\" data-element_type=\"section\" data-e-type=\"section\" data-settings=\"{&quot;stretch_section&quot;:&quot;section-stretched&quot;,&quot;background_background&quot;:&quot;classic&quot;}\">\n\t\t\t\t\t\t\t<div class=\"elementor-background-overlay\"><\/div>\n\t\t\t\t\t\t\t<div class=\"elementor-container elementor-column-gap-no\">\n\t\t\t\t\t<div class=\"elementor-column elementor-col-100 elementor-top-column elementor-element elementor-element-e33aaeb\" data-id=\"e33aaeb\" data-element_type=\"column\" data-e-type=\"column\">\n\t\t\t<div class=\"elementor-widget-wrap elementor-element-populated\">\n\t\t\t\t\t\t<div class=\"elementor-element elementor-element-cccd35e elementor-widget elementor-widget-houzez_elementor_space\" data-id=\"cccd35e\" data-element_type=\"widget\" data-e-type=\"widget\" data-widget_type=\"houzez_elementor_space.default\">\n\t\t\t\t<div class=\"elementor-widget-container\">\n\t\t\t\t\t        <div class=\"houzez-spacer\">\n            <div class=\"houzez-spacer-inner\"><\/div>\n        <\/div>\n        \t\t\t\t<\/div>\n\t\t\t\t<\/div>\n\t\t\t\t<section class=\"elementor-section elementor-inner-section elementor-element elementor-element-a36005c elementor-section-full_width elementor-section-height-default elementor-section-height-default\" data-id=\"a36005c\" data-element_type=\"section\" data-e-type=\"section\">\n\t\t\t\t\t\t<div class=\"elementor-container elementor-column-gap-wider\">\n\t\t\t\t\t<div class=\"elementor-column elementor-col-50 elementor-inner-column elementor-element elementor-element-89315f3\" data-id=\"89315f3\" data-element_type=\"column\" data-e-type=\"column\">\n\t\t\t<div class=\"elementor-widget-wrap elementor-element-populated\">\n\t\t\t\t\t\t<div class=\"elementor-element elementor-element-e24d29a animated-slow elementor-invisible elementor-widget elementor-widget-houzez_elementor_section_title\" data-id=\"e24d29a\" data-element_type=\"widget\" data-e-type=\"widget\" data-settings=\"{&quot;_animation&quot;:&quot;fadeIn&quot;}\" data-widget_type=\"houzez_elementor_section_title.default\">\n\t\t\t\t<div class=\"elementor-widget-container\">\n\t\t\t\t\t            <div class=\"houzez_section_title_wrap section-title-module\">\n                                    <h2 class=\"houzez_section_title\">Senden Sie uns Ihre Anfrage<\/h2>\n                \n                            <\/div>\n            \t\t\t\t<\/div>\n\t\t\t\t<\/div>\n\t\t\t\t<div class=\"elementor-element elementor-element-0d719f0 elementor-widget-divider--view-line elementor-widget elementor-widget-divider\" data-id=\"0d719f0\" data-element_type=\"widget\" data-e-type=\"widget\" data-widget_type=\"divider.default\">\n\t\t\t\t<div class=\"elementor-widget-container\">\n\t\t\t\t\t\t\t<div class=\"elementor-divider\">\n\t\t\t<span class=\"elementor-divider-separator\">\n\t\t\t\t\t\t<\/span>\n\t\t<\/div>\n\t\t\t\t\t\t<\/div>\n\t\t\t\t<\/div>\n\t\t\t\t<div class=\"elementor-element elementor-element-6932817 animated-slow elementor-invisible elementor-widget elementor-widget-houzez_elementor_section_title\" data-id=\"6932817\" data-element_type=\"widget\" data-e-type=\"widget\" data-settings=\"{&quot;_animation&quot;:&quot;fadeIn&quot;}\" data-widget_type=\"houzez_elementor_section_title.default\">\n\t\t\t\t<div class=\"elementor-widget-container\">\n\t\t\t\t\t            <div class=\"houzez_section_title_wrap section-title-module\">\n                \n                                    <p class=\"houzez_section_subtitle\">Haben Sie Fragen oder ben\u00f6tigen Sie weitere Informationen? Wir sind hier, um Ihnen zu helfen. F\u00fcllen Sie das Formular mit Ihrer Anfrage aus und unsere Experten werden Ihnen so schnell wie m\u00f6glich antworten. Ihre Zufriedenheit ist unsere Priorit\u00e4t.<\/p>\n                            <\/div>\n            \t\t\t\t<\/div>\n\t\t\t\t<\/div>\n\t\t\t\t\t<\/div>\n\t\t<\/div>\n\t\t\t\t<div class=\"elementor-column elementor-col-50 elementor-inner-column elementor-element elementor-element-e955037\" data-id=\"e955037\" data-element_type=\"column\" data-e-type=\"column\" data-settings=\"{&quot;background_background&quot;:&quot;classic&quot;}\">\n\t\t\t<div class=\"elementor-widget-wrap elementor-element-populated\">\n\t\t\t\t\t\t<div class=\"elementor-element elementor-element-9574af1 elementor-button-align-stretch elementor-widget elementor-widget-form\" data-id=\"9574af1\" data-element_type=\"widget\" data-e-type=\"widget\" data-settings=\"{&quot;step_next_label&quot;:&quot;Weiter&quot;,&quot;step_previous_label&quot;:&quot;Vorherige&quot;,&quot;button_width&quot;:&quot;100&quot;,&quot;step_type&quot;:&quot;number_text&quot;,&quot;step_icon_shape&quot;:&quot;circle&quot;}\" data-widget_type=\"form.default\">\n\t\t\t\t<div class=\"elementor-widget-container\">\n\t\t\t\t\t\t\t<form class=\"elementor-form\" method=\"post\" name=\"Webformular\" aria-label=\"Webformular\">\n\t\t\t<input type=\"hidden\" name=\"post_id\" value=\"19410\"\/>\n\t\t\t<input type=\"hidden\" name=\"form_id\" value=\"9574af1\"\/>\n\t\t\t<input type=\"hidden\" name=\"referer_title\" value=\"Miete | 180&ordm; Inmobiliaria\" \/>\n\n\t\t\t\t\t\t\t<input type=\"hidden\" name=\"queried_id\" value=\"19410\"\/>\n\t\t\t\n\t\t\t<div class=\"elementor-form-fields-wrapper elementor-labels-above\">\n\t\t\t\t\t\t\t\t<div class=\"elementor-field-type-radio elementor-field-group elementor-column elementor-field-group-name elementor-col-100 elementor-field-required\">\n\t\t\t\t\t\t\t\t\t\t\t\t<label for=\"form-field-name\" class=\"elementor-field-label\">\n\t\t\t\t\t\t\t\tW\u00e4hlen Sie: \t\t\t\t\t\t\t<\/label>\n\t\t\t\t\t\t<div class=\"elementor-field-subgroup  \"><span class=\"elementor-field-option\"><input type=\"radio\" value=\"Immobilie zu verkaufen\" id=\"form-field-name-0\" name=\"form_fields[name]\" required=\"required\"> <label for=\"form-field-name-0\">Immobilie zu verkaufen<\/label><\/span><span class=\"elementor-field-option\"><input type=\"radio\" value=\"Immobilien zu vermieten\" id=\"form-field-name-1\" name=\"form_fields[name]\" required=\"required\"> <label for=\"form-field-name-1\">Immobilien zu vermieten<\/label><\/span><\/div>\t\t\t\t<\/div>\n\t\t\t\t\t\t\t\t<div class=\"elementor-field-type-text elementor-field-group elementor-column elementor-field-group-field_38d23c8 elementor-col-100 elementor-field-required\">\n\t\t\t\t\t\t\t\t\t\t\t\t<label for=\"form-field-field_38d23c8\" class=\"elementor-field-label\">\n\t\t\t\t\t\t\t\tName\t\t\t\t\t\t\t<\/label>\n\t\t\t\t\t\t\t\t\t\t\t\t\t\t<input size=\"1\" type=\"text\" name=\"form_fields[field_38d23c8]\" id=\"form-field-field_38d23c8\" class=\"elementor-field elementor-size-sm  elementor-field-textual\" placeholder=\"Name\" required=\"required\">\n\t\t\t\t\t\t\t\t\t\t\t<\/div>\n\t\t\t\t\t\t\t\t<div class=\"elementor-field-type-email elementor-field-group elementor-column elementor-field-group-email elementor-col-100 elementor-field-required\">\n\t\t\t\t\t\t\t\t\t\t\t\t<label for=\"form-field-email\" class=\"elementor-field-label\">\n\t\t\t\t\t\t\t\tE-Mail Adresse\t\t\t\t\t\t\t<\/label>\n\t\t\t\t\t\t\t\t\t\t\t\t\t\t<input size=\"1\" type=\"email\" name=\"form_fields[email]\" id=\"form-field-email\" class=\"elementor-field elementor-size-sm  elementor-field-textual\" placeholder=\"E-Mail Adresse\" required=\"required\">\n\t\t\t\t\t\t\t\t\t\t\t<\/div>\n\t\t\t\t\t\t\t\t<div class=\"elementor-field-type-tel elementor-field-group elementor-column elementor-field-group-field_94d57ec elementor-col-100 elementor-field-required\">\n\t\t\t\t\t\t\t\t\t\t\t\t<label for=\"form-field-field_94d57ec\" class=\"elementor-field-label\">\n\t\t\t\t\t\t\t\tTelefonnummer des Ansprechpartners\t\t\t\t\t\t\t<\/label>\n\t\t\t\t\t\t\t\t<input size=\"1\" type=\"tel\" name=\"form_fields[field_94d57ec]\" id=\"form-field-field_94d57ec\" class=\"elementor-field elementor-size-sm  elementor-field-textual\" placeholder=\"Telefonnummer des Ansprechpartners\" required=\"required\" pattern=\"[0-9()#&amp;+*-=.]+\" title=\"Nur Nummern oder Telefon-Zeichen (#, -, *, etc) werden akzeptiert.\">\n\n\t\t\t\t\t\t<\/div>\n\t\t\t\t\t\t\t\t<div class=\"elementor-field-type-textarea elementor-field-group elementor-column elementor-field-group-message elementor-col-100\">\n\t\t\t\t\t\t\t\t\t\t\t\t<label for=\"form-field-message\" class=\"elementor-field-label\">\n\t\t\t\t\t\t\t\tNachricht\t\t\t\t\t\t\t<\/label>\n\t\t\t\t\t\t<textarea class=\"elementor-field-textual elementor-field  elementor-size-sm\" name=\"form_fields[message]\" id=\"form-field-message\" rows=\"4\" placeholder=\"Nachricht\"><\/textarea>\t\t\t\t<\/div>\n\t\t\t\t\t\t\t\t<div class=\"elementor-field-type-acceptance elementor-field-group elementor-column elementor-field-group-field_9ee921a elementor-col-100\">\n\t\t\t\t\t\t\t<div class=\"elementor-field-subgroup\">\n\t\t\t<span class=\"elementor-field-option\">\n\t\t\t\t<input type=\"checkbox\" name=\"form_fields[field_9ee921a]\" id=\"form-field-field_9ee921a\" class=\"elementor-field elementor-size-sm  elementor-acceptance-field\">\n\t\t\t\t<label for=\"form-field-field_9ee921a\">Ich habe gelesen und akzeptiere die <a href=\"https:\/\/elegant-knuth.137-74-93-36.plesk.page\/index.php\/politica-privacidad\/\">Datenschutzbestimmungen<\/a> <\/label>\t\t\t<\/span>\n\t\t<\/div>\n\t\t\t\t\t\t<\/div>\n\t\t\t\t\t\t\t\t<div class=\"elementor-field-group elementor-column elementor-field-type-submit elementor-col-100 e-form__buttons\">\n\t\t\t\t\t<button class=\"elementor-button elementor-size-sm\" type=\"submit\">\n\t\t\t\t\t\t<span class=\"elementor-button-content-wrapper\">\n\t\t\t\t\t\t\t\t\t\t\t\t\t\t\t\t\t\t\t\t\t\t<span class=\"elementor-button-text\">Senden Sie<\/span>\n\t\t\t\t\t\t\t\t\t\t\t\t\t<\/span>\n\t\t\t\t\t<\/button>\n\t\t\t\t<\/div>\n\t\t\t<\/div>\n\t\t<\/form>\n\t\t\t\t\t\t<\/div>\n\t\t\t\t<\/div>\n\t\t\t\t\t<\/div>\n\t\t<\/div>\n\t\t\t\t\t<\/div>\n\t\t<\/section>\n\t\t\t\t\t<\/div>\n\t\t<\/div>\n\t\t\t\t\t<\/div>\n\t\t<\/section>\n\t\t\t\t<\/div>\n\t\t","protected":false},"excerpt":{"rendered":"<p>Immobilien zur Miete No hemos encontrado ning\u00fan anuncio. Senden Sie uns Ihre Anfrage Haben Sie Fragen oder ben\u00f6tigen Sie weitere Informationen? Wir sind hier, um Ihnen zu helfen. F\u00fcllen Sie das Formular mit Ihrer Anfrage aus und unsere Experten werden Ihnen so schnell wie m\u00f6glich antworten. Ihre Zufriedenheit ist unsere Priorit\u00e4t.<\/p>\n","protected":false},"author":1,"featured_media":0,"parent":0,"menu_order":0,"comment_status":"closed","ping_status":"closed","template":"elementor_header_footer","meta":{"_joinchat":[],"footnotes":""},"class_list":["post-19410","page","type-page","status-publish","hentry"],"yoast_head":"<!-- This site is optimized with the Yoast SEO plugin v27.5 - https:\/\/yoast.com\/product\/yoast-seo-wordpress\/ -->\n<title>Miete | 180&ordm; Inmobiliaria<\/title>\n<meta name=\"description\" content=\"Entdecken Sie die besten Immobilien zur Miete. Finden Sie Ihr ideales Zuhause in unserer breiten Palette von Mietoptionen.\" \/>\n<meta name=\"robots\" content=\"index, follow, max-snippet:-1, max-image-preview:large, max-video-preview:-1\" \/>\n<link rel=\"canonical\" href=\"https:\/\/180inmobiliaria.es\/de\/miete\/\" \/>\n<meta property=\"og:locale\" content=\"de_DE\" \/>\n<meta property=\"og:type\" content=\"article\" \/>\n<meta property=\"og:title\" content=\"Miete | 180&ordm; Inmobiliaria\" \/>\n<meta property=\"og:description\" content=\"Entdecken Sie die besten Immobilien zur Miete. Finden Sie Ihr ideales Zuhause in unserer breiten Palette von Mietoptionen.\" \/>\n<meta property=\"og:url\" content=\"https:\/\/180inmobiliaria.es\/de\/miete\/\" \/>\n<meta property=\"og:site_name\" content=\"180&ordm; Inmobiliaria\" \/>\n<meta property=\"article:modified_time\" content=\"2024-07-24T09:13:01+00:00\" \/>\n<meta name=\"twitter:card\" content=\"summary_large_image\" \/>\n<script type=\"application\/ld+json\" class=\"yoast-schema-graph\">{\"@context\":\"https:\\\/\\\/schema.org\",\"@graph\":[{\"@type\":\"WebPage\",\"@id\":\"https:\\\/\\\/180inmobiliaria.es\\\/de\\\/miete\\\/\",\"url\":\"https:\\\/\\\/180inmobiliaria.es\\\/de\\\/miete\\\/\",\"name\":\"Miete | 180&ordm; Inmobiliaria\",\"isPartOf\":{\"@id\":\"https:\\\/\\\/180inmobiliaria.es\\\/de\\\/#website\"},\"datePublished\":\"2024-06-19T10:22:47+00:00\",\"dateModified\":\"2024-07-24T09:13:01+00:00\",\"description\":\"Entdecken Sie die besten Immobilien zur Miete. Finden Sie Ihr ideales Zuhause in unserer breiten Palette von Mietoptionen.\",\"breadcrumb\":{\"@id\":\"https:\\\/\\\/180inmobiliaria.es\\\/de\\\/miete\\\/#breadcrumb\"},\"inLanguage\":\"de\",\"potentialAction\":[{\"@type\":\"ReadAction\",\"target\":[\"https:\\\/\\\/180inmobiliaria.es\\\/de\\\/miete\\\/\"]}]},{\"@type\":\"BreadcrumbList\",\"@id\":\"https:\\\/\\\/180inmobiliaria.es\\\/de\\\/miete\\\/#breadcrumb\",\"itemListElement\":[{\"@type\":\"ListItem\",\"position\":1,\"name\":\"Portada\",\"item\":\"https:\\\/\\\/180inmobiliaria.es\\\/de\\\/\"},{\"@type\":\"ListItem\",\"position\":2,\"name\":\"Miete\"}]},{\"@type\":\"WebSite\",\"@id\":\"https:\\\/\\\/180inmobiliaria.es\\\/de\\\/#website\",\"url\":\"https:\\\/\\\/180inmobiliaria.es\\\/de\\\/\",\"name\":\"180&ordm; Inmobiliaria\",\"description\":\"\",\"publisher\":{\"@id\":\"https:\\\/\\\/180inmobiliaria.es\\\/de\\\/#organization\"},\"potentialAction\":[{\"@type\":\"SearchAction\",\"target\":{\"@type\":\"EntryPoint\",\"urlTemplate\":\"https:\\\/\\\/180inmobiliaria.es\\\/de\\\/?s={search_term_string}\"},\"query-input\":{\"@type\":\"PropertyValueSpecification\",\"valueRequired\":true,\"valueName\":\"search_term_string\"}}],\"inLanguage\":\"de\"},{\"@type\":\"Organization\",\"@id\":\"https:\\\/\\\/180inmobiliaria.es\\\/de\\\/#organization\",\"name\":\"180&ordm; Inmobiliaria\",\"url\":\"https:\\\/\\\/180inmobiliaria.es\\\/de\\\/\",\"logo\":{\"@type\":\"ImageObject\",\"inLanguage\":\"de\",\"@id\":\"https:\\\/\\\/180inmobiliaria.es\\\/de\\\/#\\\/schema\\\/logo\\\/image\\\/\",\"url\":\"https:\\\/\\\/180inmobiliaria.es\\\/wp-content\\\/uploads\\\/2024\\\/06\\\/Logo-inmobiliaria-180o-1920-x-1080-px.png\",\"contentUrl\":\"https:\\\/\\\/180inmobiliaria.es\\\/wp-content\\\/uploads\\\/2024\\\/06\\\/Logo-inmobiliaria-180o-1920-x-1080-px.png\",\"width\":6000,\"height\":3375,\"caption\":\"180&ordm; Inmobiliaria\"},\"image\":{\"@id\":\"https:\\\/\\\/180inmobiliaria.es\\\/de\\\/#\\\/schema\\\/logo\\\/image\\\/\"}}]}<\/script>\n<!-- \/ Yoast SEO plugin. -->","yoast_head_json":{"title":"Miete | 180&ordm; Inmobiliaria","description":"Entdecken Sie die besten Immobilien zur Miete. Finden Sie Ihr ideales Zuhause in unserer breiten Palette von Mietoptionen.","robots":{"index":"index","follow":"follow","max-snippet":"max-snippet:-1","max-image-preview":"max-image-preview:large","max-video-preview":"max-video-preview:-1"},"canonical":"https:\/\/180inmobiliaria.es\/de\/miete\/","og_locale":"de_DE","og_type":"article","og_title":"Miete | 180&ordm; Inmobiliaria","og_description":"Entdecken Sie die besten Immobilien zur Miete. Finden Sie Ihr ideales Zuhause in unserer breiten Palette von Mietoptionen.","og_url":"https:\/\/180inmobiliaria.es\/de\/miete\/","og_site_name":"180&ordm; Inmobiliaria","article_modified_time":"2024-07-24T09:13:01+00:00","twitter_card":"summary_large_image","schema":{"@context":"https:\/\/schema.org","@graph":[{"@type":"WebPage","@id":"https:\/\/180inmobiliaria.es\/de\/miete\/","url":"https:\/\/180inmobiliaria.es\/de\/miete\/","name":"Miete | 180&ordm; Inmobiliaria","isPartOf":{"@id":"https:\/\/180inmobiliaria.es\/de\/#website"},"datePublished":"2024-06-19T10:22:47+00:00","dateModified":"2024-07-24T09:13:01+00:00","description":"Entdecken Sie die besten Immobilien zur Miete. Finden Sie Ihr ideales Zuhause in unserer breiten Palette von Mietoptionen.","breadcrumb":{"@id":"https:\/\/180inmobiliaria.es\/de\/miete\/#breadcrumb"},"inLanguage":"de","potentialAction":[{"@type":"ReadAction","target":["https:\/\/180inmobiliaria.es\/de\/miete\/"]}]},{"@type":"BreadcrumbList","@id":"https:\/\/180inmobiliaria.es\/de\/miete\/#breadcrumb","itemListElement":[{"@type":"ListItem","position":1,"name":"Portada","item":"https:\/\/180inmobiliaria.es\/de\/"},{"@type":"ListItem","position":2,"name":"Miete"}]},{"@type":"WebSite","@id":"https:\/\/180inmobiliaria.es\/de\/#website","url":"https:\/\/180inmobiliaria.es\/de\/","name":"180&ordm; Inmobiliaria","description":"","publisher":{"@id":"https:\/\/180inmobiliaria.es\/de\/#organization"},"potentialAction":[{"@type":"SearchAction","target":{"@type":"EntryPoint","urlTemplate":"https:\/\/180inmobiliaria.es\/de\/?s={search_term_string}"},"query-input":{"@type":"PropertyValueSpecification","valueRequired":true,"valueName":"search_term_string"}}],"inLanguage":"de"},{"@type":"Organization","@id":"https:\/\/180inmobiliaria.es\/de\/#organization","name":"180&ordm; Inmobiliaria","url":"https:\/\/180inmobiliaria.es\/de\/","logo":{"@type":"ImageObject","inLanguage":"de","@id":"https:\/\/180inmobiliaria.es\/de\/#\/schema\/logo\/image\/","url":"https:\/\/180inmobiliaria.es\/wp-content\/uploads\/2024\/06\/Logo-inmobiliaria-180o-1920-x-1080-px.png","contentUrl":"https:\/\/180inmobiliaria.es\/wp-content\/uploads\/2024\/06\/Logo-inmobiliaria-180o-1920-x-1080-px.png","width":6000,"height":3375,"caption":"180&ordm; Inmobiliaria"},"image":{"@id":"https:\/\/180inmobiliaria.es\/de\/#\/schema\/logo\/image\/"}}]}},"_links":{"self":[{"href":"https:\/\/180inmobiliaria.es\/de\/wp-json\/wp\/v2\/pages\/19410","targetHints":{"allow":["GET"]}}],"collection":[{"href":"https:\/\/180inmobiliaria.es\/de\/wp-json\/wp\/v2\/pages"}],"about":[{"href":"https:\/\/180inmobiliaria.es\/de\/wp-json\/wp\/v2\/types\/page"}],"author":[{"embeddable":true,"href":"https:\/\/180inmobiliaria.es\/de\/wp-json\/wp\/v2\/users\/1"}],"replies":[{"embeddable":true,"href":"https:\/\/180inmobiliaria.es\/de\/wp-json\/wp\/v2\/comments?post=19410"}],"version-history":[{"count":0,"href":"https:\/\/180inmobiliaria.es\/de\/wp-json\/wp\/v2\/pages\/19410\/revisions"}],"wp:attachment":[{"href":"https:\/\/180inmobiliaria.es\/de\/wp-json\/wp\/v2\/media?parent=19410"}],"curies":[{"name":"wp","href":"https:\/\/api.w.org\/{rel}","templated":true}]}}