{"id":19414,"date":"2024-07-11T13:02:50","date_gmt":"2024-07-11T13:02:50","guid":{"rendered":"https:\/\/180inmobiliaria.es\/koennen-wir-ihnen-beim-verkauf-oder-der-vermietung-helfen\/"},"modified":"2024-09-02T10:07:32","modified_gmt":"2024-09-02T10:07:32","slug":"koennen-wir-ihnen-beim-verkauf-oder-der-vermietung-helfen","status":"publish","type":"page","link":"https:\/\/180inmobiliaria.es\/de\/koennen-wir-ihnen-beim-verkauf-oder-der-vermietung-helfen\/","title":{"rendered":"K\u00f6nnen wir Ihnen beim Verkauf oder der Vermietung helfen?"},"content":{"rendered":"\t\t<div data-elementor-type=\"wp-page\" data-elementor-id=\"19414\" class=\"elementor elementor-19414 elementor-17963\" data-elementor-post-type=\"page\">\n\t\t\t\t\t\t<section class=\"elementor-section elementor-top-section elementor-element elementor-element-a9ec238 elementor-section-content-bottom elementor-section-stretched elementor-section-height-min-height elementor-section-boxed elementor-section-height-default elementor-section-items-middle\" data-id=\"a9ec238\" data-element_type=\"section\" data-e-type=\"section\" data-settings=\"{&quot;stretch_section&quot;:&quot;section-stretched&quot;,&quot;background_background&quot;:&quot;classic&quot;}\">\n\t\t\t\t\t\t<div class=\"elementor-container elementor-column-gap-no\">\n\t\t\t\t\t<div class=\"elementor-column elementor-col-100 elementor-top-column elementor-element elementor-element-32dfacd\" data-id=\"32dfacd\" data-element_type=\"column\" data-e-type=\"column\">\n\t\t\t<div class=\"elementor-widget-wrap elementor-element-populated\">\n\t\t\t\t\t\t<div class=\"elementor-element elementor-element-ce5a49a elementor-widget elementor-widget-houzez_elementor_space\" data-id=\"ce5a49a\" data-element_type=\"widget\" data-e-type=\"widget\" data-widget_type=\"houzez_elementor_space.default\">\n\t\t\t\t<div class=\"elementor-widget-container\">\n\t\t\t\t\t        <div class=\"houzez-spacer\">\n            <div class=\"houzez-spacer-inner\"><\/div>\n        <\/div>\n        \t\t\t\t<\/div>\n\t\t\t\t<\/div>\n\t\t\t\t<section class=\"elementor-section elementor-inner-section elementor-element elementor-element-e73fe76 elementor-section-full_width elementor-section-height-default elementor-section-height-default\" data-id=\"e73fe76\" data-element_type=\"section\" data-e-type=\"section\">\n\t\t\t\t\t\t<div class=\"elementor-container elementor-column-gap-wider\">\n\t\t\t\t\t<div class=\"elementor-column elementor-col-50 elementor-inner-column elementor-element elementor-element-3722453\" data-id=\"3722453\" data-element_type=\"column\" data-e-type=\"column\">\n\t\t\t<div class=\"elementor-widget-wrap elementor-element-populated\">\n\t\t\t\t\t\t<div class=\"elementor-element elementor-element-4e683b5 elementor-view-default elementor-widget elementor-widget-icon\" data-id=\"4e683b5\" data-element_type=\"widget\" data-e-type=\"widget\" data-widget_type=\"icon.default\">\n\t\t\t\t<div class=\"elementor-widget-container\">\n\t\t\t\t\t\t\t<div class=\"elementor-icon-wrapper\">\n\t\t\t<div class=\"elementor-icon\">\n\t\t\t<svg xmlns=\"http:\/\/www.w3.org\/2000\/svg\" xmlns:xlink=\"http:\/\/www.w3.org\/1999\/xlink\" width=\"128px\" height=\"128px\" viewBox=\"0,0,256,256\"><g fill=\"#e3bd71\" fill-rule=\"nonzero\" stroke=\"none\" stroke-width=\"1\" stroke-linecap=\"butt\" stroke-linejoin=\"miter\" stroke-miterlimit=\"10\" stroke-dasharray=\"\" stroke-dashoffset=\"0\" font-family=\"none\" font-weight=\"none\" font-size=\"none\" text-anchor=\"none\" style=\"mix-blend-mode: normal\"><g transform=\"translate(-0.3,0) scale(2,2)\"><g><path d=\"M100.6,50.9h-4c0,17.9 -14.6,32.5 -32.5,32.5c-17.9,0 -32.4,-14.6 -32.4,-32.5h-4c0,20.1 16.3,36.4 36.4,36.4c20.1,0 36.5,-16.3 36.5,-36.4z\"><\/path><path d=\"M61.7,123.6c0.8,0.6 1.6,1 2.5,1h0.1c0.2,0 0.4,0 0.6,-0.1c0.4,-0.1 0.7,-0.2 0.9,-0.4c0,0 0,0 0.1,0c5.2,-3.2 44.5,-45.1 45.8,-70.8v-2.4c0,-26.2 -21.3,-47.5 -47.5,-47.5c-26.2,0 -47.6,21.3 -47.6,47.5c0,0.8 0,1.7 0.1,2.6c0.7,13.2 11.2,30.1 19.9,42c9.4,12.8 20.5,24.8 25.1,28.1zM20.7,52.9c-0.1,-0.5 -0.1,-1.3 -0.1,-2c0,-24 19.5,-43.5 43.5,-43.5c24,0 43.5,19.5 43.5,43.5v2.3c-1.2,22.8 -37.2,62.7 -43.4,67.2h-0.1c-6.3,-4.1 -42.1,-44 -43.3,-67.3z\"><\/path><path d=\"M45.1,47.2v25.3h37.8v-25.3l2.2,2.2l2.8,-2.8l-5,-5v-14.3h-9.6v4.7l-9.3,-9.3l-23.9,23.9l2.8,2.8zM77.2,41.6v-10.3h1.6v11.6v0.3v25.3h-29.7v-25.3l14.9,-14.9z\"><\/path><\/g><\/g><\/g><\/svg>\t\t\t<\/div>\n\t\t<\/div>\n\t\t\t\t\t\t<\/div>\n\t\t\t\t<\/div>\n\t\t\t\t<div class=\"elementor-element elementor-element-438d7f6 animated-slow elementor-invisible elementor-widget elementor-widget-houzez_elementor_section_title\" data-id=\"438d7f6\" data-element_type=\"widget\" data-e-type=\"widget\" data-settings=\"{&quot;_animation&quot;:&quot;fadeIn&quot;}\" data-widget_type=\"houzez_elementor_section_title.default\">\n\t\t\t\t<div class=\"elementor-widget-container\">\n\t\t\t\t\t            <div class=\"houzez_section_title_wrap section-title-module\">\n                                    <h2 class=\"houzez_section_title\">Brauchen Sie Hilfe, um Ihre Immobilie zu verkaufen oder zu vermieten?<\/h2>\n                \n                            <\/div>\n            \t\t\t\t<\/div>\n\t\t\t\t<\/div>\n\t\t\t\t<div class=\"elementor-element elementor-element-7780595 elementor-widget-divider--view-line elementor-widget elementor-widget-divider\" data-id=\"7780595\" data-element_type=\"widget\" data-e-type=\"widget\" data-widget_type=\"divider.default\">\n\t\t\t\t<div class=\"elementor-widget-container\">\n\t\t\t\t\t\t\t<div class=\"elementor-divider\">\n\t\t\t<span class=\"elementor-divider-separator\">\n\t\t\t\t\t\t<\/span>\n\t\t<\/div>\n\t\t\t\t\t\t<\/div>\n\t\t\t\t<\/div>\n\t\t\t\t<div class=\"elementor-element elementor-element-d3b9ce4 animated-slow elementor-invisible elementor-widget elementor-widget-houzez_elementor_section_title\" data-id=\"d3b9ce4\" data-element_type=\"widget\" data-e-type=\"widget\" data-settings=\"{&quot;_animation&quot;:&quot;fadeIn&quot;}\" data-widget_type=\"houzez_elementor_section_title.default\">\n\t\t\t\t<div class=\"elementor-widget-container\">\n\t\t\t\t\t            <div class=\"houzez_section_title_wrap section-title-module\">\n                \n                                    <p class=\"houzez_section_subtitle\">Haben Sie Fragen oder ben\u00f6tigen Sie weitere Informationen? Wir sind hier, um Ihnen zu helfen. F\u00fcllen Sie das Formular mit Ihrer Anfrage aus und unsere Experten werden Ihnen so schnell wie m\u00f6glich antworten. Ihre Zufriedenheit ist unsere Priorit\u00e4t.   <\/p>\n                            <\/div>\n            \t\t\t\t<\/div>\n\t\t\t\t<\/div>\n\t\t\t\t\t<\/div>\n\t\t<\/div>\n\t\t\t\t<div class=\"elementor-column elementor-col-50 elementor-inner-column elementor-element elementor-element-c0818cf\" data-id=\"c0818cf\" data-element_type=\"column\" data-e-type=\"column\">\n\t\t\t<div class=\"elementor-widget-wrap elementor-element-populated\">\n\t\t\t\t\t\t<div class=\"elementor-element elementor-element-cbb8e2b elementor-button-align-stretch elementor-widget elementor-widget-form\" data-id=\"cbb8e2b\" data-element_type=\"widget\" data-e-type=\"widget\" data-settings=\"{&quot;step_next_label&quot;:&quot;Weiter&quot;,&quot;step_previous_label&quot;:&quot;Vorherige&quot;,&quot;button_width&quot;:&quot;100&quot;,&quot;step_type&quot;:&quot;number_text&quot;,&quot;step_icon_shape&quot;:&quot;circle&quot;}\" data-widget_type=\"form.default\">\n\t\t\t\t<div class=\"elementor-widget-container\">\n\t\t\t\t\t\t\t<form class=\"elementor-form\" method=\"post\" name=\"Webformular\" aria-label=\"Webformular\">\n\t\t\t<input type=\"hidden\" name=\"post_id\" value=\"19414\"\/>\n\t\t\t<input type=\"hidden\" name=\"form_id\" value=\"cbb8e2b\"\/>\n\t\t\t<input type=\"hidden\" name=\"referer_title\" value=\"K\u00f6nnen wir Ihnen beim Verkauf oder der Vermietung helfen? | 180&ordm; Inmobiliaria\" \/>\n\n\t\t\t\t\t\t\t<input type=\"hidden\" name=\"queried_id\" value=\"19414\"\/>\n\t\t\t\n\t\t\t<div class=\"elementor-form-fields-wrapper elementor-labels-above\">\n\t\t\t\t\t\t\t\t<div class=\"elementor-field-type-radio elementor-field-group elementor-column elementor-field-group-name elementor-col-100 elementor-field-required\">\n\t\t\t\t\t\t\t\t\t\t\t\t<label for=\"form-field-name\" class=\"elementor-field-label\">\n\t\t\t\t\t\t\t\tW\u00e4hlen Sie: \t\t\t\t\t\t\t<\/label>\n\t\t\t\t\t\t<div class=\"elementor-field-subgroup  \"><span class=\"elementor-field-option\"><input type=\"radio\" value=\"Immobilien zu verkaufen Immobilien zu vermieten\" id=\"form-field-name-0\" name=\"form_fields[name]\" required=\"required\"> <label for=\"form-field-name-0\">Immobilien zu verkaufen Immobilien zu vermieten<\/label><\/span><\/div>\t\t\t\t<\/div>\n\t\t\t\t\t\t\t\t<div class=\"elementor-field-type-text elementor-field-group elementor-column elementor-field-group-field_38d23c8 elementor-col-100 elementor-field-required\">\n\t\t\t\t\t\t\t\t\t\t\t\t<label for=\"form-field-field_38d23c8\" class=\"elementor-field-label\">\n\t\t\t\t\t\t\t\tName\t\t\t\t\t\t\t<\/label>\n\t\t\t\t\t\t\t\t\t\t\t\t\t\t<input size=\"1\" type=\"text\" name=\"form_fields[field_38d23c8]\" id=\"form-field-field_38d23c8\" class=\"elementor-field elementor-size-sm  elementor-field-textual\" placeholder=\"Name\" required=\"required\">\n\t\t\t\t\t\t\t\t\t\t\t<\/div>\n\t\t\t\t\t\t\t\t<div class=\"elementor-field-type-email elementor-field-group elementor-column elementor-field-group-email elementor-col-100 elementor-field-required\">\n\t\t\t\t\t\t\t\t\t\t\t\t<label for=\"form-field-email\" class=\"elementor-field-label\">\n\t\t\t\t\t\t\t\tE-Mail Adresse\t\t\t\t\t\t\t<\/label>\n\t\t\t\t\t\t\t\t\t\t\t\t\t\t<input size=\"1\" type=\"email\" name=\"form_fields[email]\" id=\"form-field-email\" class=\"elementor-field elementor-size-sm  elementor-field-textual\" placeholder=\"E-Mail Adresse\" required=\"required\">\n\t\t\t\t\t\t\t\t\t\t\t<\/div>\n\t\t\t\t\t\t\t\t<div class=\"elementor-field-type-tel elementor-field-group elementor-column elementor-field-group-field_94d57ec elementor-col-100 elementor-field-required\">\n\t\t\t\t\t\t\t\t\t\t\t\t<label for=\"form-field-field_94d57ec\" class=\"elementor-field-label\">\n\t\t\t\t\t\t\t\tTelefonnummer des Ansprechpartners\t\t\t\t\t\t\t<\/label>\n\t\t\t\t\t\t\t\t<input size=\"1\" type=\"tel\" name=\"form_fields[field_94d57ec]\" id=\"form-field-field_94d57ec\" class=\"elementor-field elementor-size-sm  elementor-field-textual\" placeholder=\"Telefonnummer des Ansprechpartners\" required=\"required\" pattern=\"[0-9()#&amp;+*-=.]+\" title=\"Nur Nummern oder Telefon-Zeichen (#, -, *, etc) werden akzeptiert.\">\n\n\t\t\t\t\t\t<\/div>\n\t\t\t\t\t\t\t\t<div class=\"elementor-field-type-textarea elementor-field-group elementor-column elementor-field-group-message elementor-col-100\">\n\t\t\t\t\t\t\t\t\t\t\t\t<label for=\"form-field-message\" class=\"elementor-field-label\">\n\t\t\t\t\t\t\t\tNachricht\t\t\t\t\t\t\t<\/label>\n\t\t\t\t\t\t<textarea class=\"elementor-field-textual elementor-field  elementor-size-sm\" name=\"form_fields[message]\" id=\"form-field-message\" rows=\"4\" placeholder=\"Nachricht\"><\/textarea>\t\t\t\t<\/div>\n\t\t\t\t\t\t\t\t<div class=\"elementor-field-type-acceptance elementor-field-group elementor-column elementor-field-group-field_9ee921a elementor-col-100 elementor-field-required\">\n\t\t\t\t\t\t\t<div class=\"elementor-field-subgroup\">\n\t\t\t<span class=\"elementor-field-option\">\n\t\t\t\t<input type=\"checkbox\" name=\"form_fields[field_9ee921a]\" id=\"form-field-field_9ee921a\" class=\"elementor-field elementor-size-sm  elementor-acceptance-field\" required=\"required\">\n\t\t\t\t<label for=\"form-field-field_9ee921a\">Ich habe gelesen und akzeptiere die <a href=\"https:\/\/180inmobiliaria.es\/de\/datenschutzbestimmungen\/\">Datenschutzbestimmungen<\/a> <\/label>\t\t\t<\/span>\n\t\t<\/div>\n\t\t\t\t\t\t<\/div>\n\t\t\t\t\t\t\t\t<div class=\"elementor-field-group elementor-column elementor-field-type-submit elementor-col-100 e-form__buttons\">\n\t\t\t\t\t<button class=\"elementor-button elementor-size-sm\" type=\"submit\">\n\t\t\t\t\t\t<span class=\"elementor-button-content-wrapper\">\n\t\t\t\t\t\t\t\t\t\t\t\t\t\t\t\t\t\t\t\t\t\t<span class=\"elementor-button-text\">Senden Sie<\/span>\n\t\t\t\t\t\t\t\t\t\t\t\t\t<\/span>\n\t\t\t\t\t<\/button>\n\t\t\t\t<\/div>\n\t\t\t<\/div>\n\t\t<\/form>\n\t\t\t\t\t\t<\/div>\n\t\t\t\t<\/div>\n\t\t\t\t\t<\/div>\n\t\t<\/div>\n\t\t\t\t\t<\/div>\n\t\t<\/section>\n\t\t\t\t\t<\/div>\n\t\t<\/div>\n\t\t\t\t\t<\/div>\n\t\t<\/section>\n\t\t\t\t<\/div>\n\t\t","protected":false},"excerpt":{"rendered":"<p>Brauchen Sie Hilfe, um Ihre Immobilie zu verkaufen oder zu vermieten? Haben Sie Fragen oder ben\u00f6tigen Sie weitere Informationen? Wir sind hier, um Ihnen zu helfen. F\u00fcllen Sie das Formular mit Ihrer Anfrage aus und unsere Experten werden Ihnen so schnell wie m\u00f6glich antworten. Ihre Zufriedenheit ist unsere Priorit\u00e4t.<\/p>\n","protected":false},"author":1,"featured_media":0,"parent":0,"menu_order":0,"comment_status":"closed","ping_status":"closed","template":"elementor_header_footer","meta":{"_joinchat":[],"footnotes":""},"class_list":["post-19414","page","type-page","status-publish","hentry"],"yoast_head":"<!-- This site is optimized with the Yoast SEO plugin v27.5 - https:\/\/yoast.com\/product\/yoast-seo-wordpress\/ -->\n<title>K\u00f6nnen wir Ihnen beim Verkauf oder der Vermietung helfen? | 180&ordm; Inmobiliaria<\/title>\n<meta name=\"description\" content=\"Ben\u00f6tigen Sie Hilfe beim Verkauf oder der Vermietung Ihrer Immobilie, haben Sie Fragen oder ben\u00f6tigen Sie weitere Informationen? Wir sind hier, um Ihnen zu helfen.\" \/>\n<meta name=\"robots\" content=\"index, follow, max-snippet:-1, max-image-preview:large, max-video-preview:-1\" \/>\n<link rel=\"canonical\" href=\"https:\/\/180inmobiliaria.es\/de\/koennen-wir-ihnen-beim-verkauf-oder-der-vermietung-helfen\/\" \/>\n<meta property=\"og:locale\" content=\"de_DE\" \/>\n<meta property=\"og:type\" content=\"article\" \/>\n<meta property=\"og:title\" content=\"K\u00f6nnen wir Ihnen beim Verkauf oder der Vermietung helfen? | 180&ordm; Inmobiliaria\" \/>\n<meta property=\"og:description\" content=\"Ben\u00f6tigen Sie Hilfe beim Verkauf oder der Vermietung Ihrer Immobilie, haben Sie Fragen oder ben\u00f6tigen Sie weitere Informationen? Wir sind hier, um Ihnen zu helfen.\" \/>\n<meta property=\"og:url\" content=\"https:\/\/180inmobiliaria.es\/de\/koennen-wir-ihnen-beim-verkauf-oder-der-vermietung-helfen\/\" \/>\n<meta property=\"og:site_name\" content=\"180&ordm; Inmobiliaria\" \/>\n<meta property=\"article:modified_time\" content=\"2024-09-02T10:07:32+00:00\" \/>\n<meta name=\"twitter:card\" content=\"summary_large_image\" \/>\n<script type=\"application\/ld+json\" class=\"yoast-schema-graph\">{\"@context\":\"https:\\\/\\\/schema.org\",\"@graph\":[{\"@type\":\"WebPage\",\"@id\":\"https:\\\/\\\/180inmobiliaria.es\\\/de\\\/koennen-wir-ihnen-beim-verkauf-oder-der-vermietung-helfen\\\/\",\"url\":\"https:\\\/\\\/180inmobiliaria.es\\\/de\\\/koennen-wir-ihnen-beim-verkauf-oder-der-vermietung-helfen\\\/\",\"name\":\"K\u00f6nnen wir Ihnen beim Verkauf oder der Vermietung helfen? | 180&ordm; Inmobiliaria\",\"isPartOf\":{\"@id\":\"https:\\\/\\\/180inmobiliaria.es\\\/de\\\/#website\"},\"datePublished\":\"2024-07-11T13:02:50+00:00\",\"dateModified\":\"2024-09-02T10:07:32+00:00\",\"description\":\"Ben\u00f6tigen Sie Hilfe beim Verkauf oder der Vermietung Ihrer Immobilie, haben Sie Fragen oder ben\u00f6tigen Sie weitere Informationen? Wir sind hier, um Ihnen zu helfen.\",\"breadcrumb\":{\"@id\":\"https:\\\/\\\/180inmobiliaria.es\\\/de\\\/koennen-wir-ihnen-beim-verkauf-oder-der-vermietung-helfen\\\/#breadcrumb\"},\"inLanguage\":\"de\",\"potentialAction\":[{\"@type\":\"ReadAction\",\"target\":[\"https:\\\/\\\/180inmobiliaria.es\\\/de\\\/koennen-wir-ihnen-beim-verkauf-oder-der-vermietung-helfen\\\/\"]}]},{\"@type\":\"BreadcrumbList\",\"@id\":\"https:\\\/\\\/180inmobiliaria.es\\\/de\\\/koennen-wir-ihnen-beim-verkauf-oder-der-vermietung-helfen\\\/#breadcrumb\",\"itemListElement\":[{\"@type\":\"ListItem\",\"position\":1,\"name\":\"Portada\",\"item\":\"https:\\\/\\\/180inmobiliaria.es\\\/de\\\/\"},{\"@type\":\"ListItem\",\"position\":2,\"name\":\"K\u00f6nnen wir Ihnen beim Verkauf oder der Vermietung helfen?\"}]},{\"@type\":\"WebSite\",\"@id\":\"https:\\\/\\\/180inmobiliaria.es\\\/de\\\/#website\",\"url\":\"https:\\\/\\\/180inmobiliaria.es\\\/de\\\/\",\"name\":\"180&ordm; Inmobiliaria\",\"description\":\"\",\"publisher\":{\"@id\":\"https:\\\/\\\/180inmobiliaria.es\\\/de\\\/#organization\"},\"potentialAction\":[{\"@type\":\"SearchAction\",\"target\":{\"@type\":\"EntryPoint\",\"urlTemplate\":\"https:\\\/\\\/180inmobiliaria.es\\\/de\\\/?s={search_term_string}\"},\"query-input\":{\"@type\":\"PropertyValueSpecification\",\"valueRequired\":true,\"valueName\":\"search_term_string\"}}],\"inLanguage\":\"de\"},{\"@type\":\"Organization\",\"@id\":\"https:\\\/\\\/180inmobiliaria.es\\\/de\\\/#organization\",\"name\":\"180&ordm; Inmobiliaria\",\"url\":\"https:\\\/\\\/180inmobiliaria.es\\\/de\\\/\",\"logo\":{\"@type\":\"ImageObject\",\"inLanguage\":\"de\",\"@id\":\"https:\\\/\\\/180inmobiliaria.es\\\/de\\\/#\\\/schema\\\/logo\\\/image\\\/\",\"url\":\"https:\\\/\\\/180inmobiliaria.es\\\/wp-content\\\/uploads\\\/2024\\\/06\\\/Logo-inmobiliaria-180o-1920-x-1080-px.png\",\"contentUrl\":\"https:\\\/\\\/180inmobiliaria.es\\\/wp-content\\\/uploads\\\/2024\\\/06\\\/Logo-inmobiliaria-180o-1920-x-1080-px.png\",\"width\":6000,\"height\":3375,\"caption\":\"180&ordm; Inmobiliaria\"},\"image\":{\"@id\":\"https:\\\/\\\/180inmobiliaria.es\\\/de\\\/#\\\/schema\\\/logo\\\/image\\\/\"}}]}<\/script>\n<!-- \/ Yoast SEO plugin. -->","yoast_head_json":{"title":"K\u00f6nnen wir Ihnen beim Verkauf oder der Vermietung helfen? | 180&ordm; Inmobiliaria","description":"Ben\u00f6tigen Sie Hilfe beim Verkauf oder der Vermietung Ihrer Immobilie, haben Sie Fragen oder ben\u00f6tigen Sie weitere Informationen? Wir sind hier, um Ihnen zu helfen.","robots":{"index":"index","follow":"follow","max-snippet":"max-snippet:-1","max-image-preview":"max-image-preview:large","max-video-preview":"max-video-preview:-1"},"canonical":"https:\/\/180inmobiliaria.es\/de\/koennen-wir-ihnen-beim-verkauf-oder-der-vermietung-helfen\/","og_locale":"de_DE","og_type":"article","og_title":"K\u00f6nnen wir Ihnen beim Verkauf oder der Vermietung helfen? | 180&ordm; Inmobiliaria","og_description":"Ben\u00f6tigen Sie Hilfe beim Verkauf oder der Vermietung Ihrer Immobilie, haben Sie Fragen oder ben\u00f6tigen Sie weitere Informationen? Wir sind hier, um Ihnen zu helfen.","og_url":"https:\/\/180inmobiliaria.es\/de\/koennen-wir-ihnen-beim-verkauf-oder-der-vermietung-helfen\/","og_site_name":"180&ordm; Inmobiliaria","article_modified_time":"2024-09-02T10:07:32+00:00","twitter_card":"summary_large_image","schema":{"@context":"https:\/\/schema.org","@graph":[{"@type":"WebPage","@id":"https:\/\/180inmobiliaria.es\/de\/koennen-wir-ihnen-beim-verkauf-oder-der-vermietung-helfen\/","url":"https:\/\/180inmobiliaria.es\/de\/koennen-wir-ihnen-beim-verkauf-oder-der-vermietung-helfen\/","name":"K\u00f6nnen wir Ihnen beim Verkauf oder der Vermietung helfen? | 180&ordm; Inmobiliaria","isPartOf":{"@id":"https:\/\/180inmobiliaria.es\/de\/#website"},"datePublished":"2024-07-11T13:02:50+00:00","dateModified":"2024-09-02T10:07:32+00:00","description":"Ben\u00f6tigen Sie Hilfe beim Verkauf oder der Vermietung Ihrer Immobilie, haben Sie Fragen oder ben\u00f6tigen Sie weitere Informationen? Wir sind hier, um Ihnen zu helfen.","breadcrumb":{"@id":"https:\/\/180inmobiliaria.es\/de\/koennen-wir-ihnen-beim-verkauf-oder-der-vermietung-helfen\/#breadcrumb"},"inLanguage":"de","potentialAction":[{"@type":"ReadAction","target":["https:\/\/180inmobiliaria.es\/de\/koennen-wir-ihnen-beim-verkauf-oder-der-vermietung-helfen\/"]}]},{"@type":"BreadcrumbList","@id":"https:\/\/180inmobiliaria.es\/de\/koennen-wir-ihnen-beim-verkauf-oder-der-vermietung-helfen\/#breadcrumb","itemListElement":[{"@type":"ListItem","position":1,"name":"Portada","item":"https:\/\/180inmobiliaria.es\/de\/"},{"@type":"ListItem","position":2,"name":"K\u00f6nnen wir Ihnen beim Verkauf oder der Vermietung helfen?"}]},{"@type":"WebSite","@id":"https:\/\/180inmobiliaria.es\/de\/#website","url":"https:\/\/180inmobiliaria.es\/de\/","name":"180&ordm; Inmobiliaria","description":"","publisher":{"@id":"https:\/\/180inmobiliaria.es\/de\/#organization"},"potentialAction":[{"@type":"SearchAction","target":{"@type":"EntryPoint","urlTemplate":"https:\/\/180inmobiliaria.es\/de\/?s={search_term_string}"},"query-input":{"@type":"PropertyValueSpecification","valueRequired":true,"valueName":"search_term_string"}}],"inLanguage":"de"},{"@type":"Organization","@id":"https:\/\/180inmobiliaria.es\/de\/#organization","name":"180&ordm; Inmobiliaria","url":"https:\/\/180inmobiliaria.es\/de\/","logo":{"@type":"ImageObject","inLanguage":"de","@id":"https:\/\/180inmobiliaria.es\/de\/#\/schema\/logo\/image\/","url":"https:\/\/180inmobiliaria.es\/wp-content\/uploads\/2024\/06\/Logo-inmobiliaria-180o-1920-x-1080-px.png","contentUrl":"https:\/\/180inmobiliaria.es\/wp-content\/uploads\/2024\/06\/Logo-inmobiliaria-180o-1920-x-1080-px.png","width":6000,"height":3375,"caption":"180&ordm; Inmobiliaria"},"image":{"@id":"https:\/\/180inmobiliaria.es\/de\/#\/schema\/logo\/image\/"}}]}},"_links":{"self":[{"href":"https:\/\/180inmobiliaria.es\/de\/wp-json\/wp\/v2\/pages\/19414","targetHints":{"allow":["GET"]}}],"collection":[{"href":"https:\/\/180inmobiliaria.es\/de\/wp-json\/wp\/v2\/pages"}],"about":[{"href":"https:\/\/180inmobiliaria.es\/de\/wp-json\/wp\/v2\/types\/page"}],"author":[{"embeddable":true,"href":"https:\/\/180inmobiliaria.es\/de\/wp-json\/wp\/v2\/users\/1"}],"replies":[{"embeddable":true,"href":"https:\/\/180inmobiliaria.es\/de\/wp-json\/wp\/v2\/comments?post=19414"}],"version-history":[{"count":0,"href":"https:\/\/180inmobiliaria.es\/de\/wp-json\/wp\/v2\/pages\/19414\/revisions"}],"wp:attachment":[{"href":"https:\/\/180inmobiliaria.es\/de\/wp-json\/wp\/v2\/media?parent=19414"}],"curies":[{"name":"wp","href":"https:\/\/api.w.org\/{rel}","templated":true}]}}